{"id":8,"date":"2020-03-11T15:05:51","date_gmt":"2020-03-11T15:05:51","guid":{"rendered":"https:\/\/themes.muffingroup.com\/be\/astrology\/?page_id=8"},"modified":"2025-05-23T11:56:44","modified_gmt":"2025-05-23T11:56:44","slug":"about-me","status":"publish","type":"page","link":"https:\/\/www.madalinakomninos.com\/ro\/about-me\/","title":{"rendered":"Despre mine"},"content":{"rendered":"<div data-elementor-type=\"wp-page\" data-elementor-id=\"8\" class=\"elementor elementor-8\">\n\t\t\t\t\t\t<section class=\"elementor-section elementor-top-section elementor-element elementor-element-da012c9 elementor-section-stretched elementor-section-boxed elementor-section-height-default elementor-section-height-default\" data-id=\"da012c9\" data-element_type=\"section\" data-settings=\"{&quot;stretch_section&quot;:&quot;section-stretched&quot;,&quot;background_background&quot;:&quot;classic&quot;}\">\n\t\t\t\t\t\t<div class=\"elementor-container elementor-column-gap-wider\">\n\t\t\t\t\t<div class=\"elementor-column elementor-col-100 elementor-top-column elementor-element elementor-element-7d6f6ba\" data-id=\"7d6f6ba\" data-element_type=\"column\">\n\t\t\t<div class=\"elementor-widget-wrap elementor-element-populated\">\n\t\t\t\t\t\t<section class=\"elementor-section elementor-inner-section elementor-element elementor-element-1f12b37 elementor-section-boxed elementor-section-height-default elementor-section-height-default\" data-id=\"1f12b37\" data-element_type=\"section\">\n\t\t\t\t\t\t<div class=\"elementor-container elementor-column-gap-default\">\n\t\t\t\t\t<div class=\"elementor-column elementor-col-100 elementor-inner-column elementor-element elementor-element-5f06bc7\" data-id=\"5f06bc7\" data-element_type=\"column\">\n\t\t\t<div class=\"elementor-widget-wrap elementor-element-populated\">\n\t\t\t\t\t\t<div class=\"elementor-element elementor-element-d85461b elementor-widget elementor-widget-text-editor\" data-id=\"d85461b\" data-element_type=\"widget\" data-widget_type=\"text-editor.default\">\n\t\t\t\t<div class=\"elementor-widget-container\">\n\t\t\t<style>\/*! elementor - v3.20.0 - 26-03-2024 *\/\n.elementor-widget-text-editor.elementor-drop-cap-view-stacked .elementor-drop-cap{background-color:#69727d;color:#fff}.elementor-widget-text-editor.elementor-drop-cap-view-framed .elementor-drop-cap{color:#69727d;border:3px solid;background-color:transparent}.elementor-widget-text-editor:not(.elementor-drop-cap-view-default) .elementor-drop-cap{margin-top:8px}.elementor-widget-text-editor:not(.elementor-drop-cap-view-default) .elementor-drop-cap-letter{width:1em;height:1em}.elementor-widget-text-editor .elementor-drop-cap{float:left;text-align:center;line-height:1;font-size:50px}.elementor-widget-text-editor .elementor-drop-cap-letter{display:inline-block}<\/style>\t\t\t\t<h1>Eu sunt\u00a0<br \/>Madalina Komninos<\/h1>\t\t\t\t\t\t<\/div>\n\t\t\t\t<\/div>\n\t\t\t\t\t<\/div>\n\t\t<\/div>\n\t\t\t\t\t<\/div>\n\t\t<\/section>\n\t\t\t\t\t<\/div>\n\t\t<\/div>\n\t\t\t\t\t<\/div>\n\t\t<\/section>\n\t\t\t\t<section class=\"elementor-section elementor-top-section elementor-element elementor-element-db7a25e elementor-section-stretched elementor-section-boxed elementor-section-height-default elementor-section-height-default\" data-id=\"db7a25e\" data-element_type=\"section\" data-settings=\"{&quot;stretch_section&quot;:&quot;section-stretched&quot;,&quot;background_background&quot;:&quot;classic&quot;}\">\n\t\t\t\t\t\t\t<div class=\"elementor-background-overlay\"><\/div>\n\t\t\t\t\t\t\t<div class=\"elementor-container elementor-column-gap-wider\">\n\t\t\t\t\t<div class=\"elementor-column elementor-col-100 elementor-top-column elementor-element elementor-element-e36b8ec\" data-id=\"e36b8ec\" data-element_type=\"column\">\n\t\t\t<div class=\"elementor-widget-wrap elementor-element-populated\">\n\t\t\t\t\t\t<section class=\"elementor-section elementor-inner-section elementor-element elementor-element-7fcc27d elementor-section-content-middle elementor-section-boxed elementor-section-height-default elementor-section-height-default\" data-id=\"7fcc27d\" data-element_type=\"section\">\n\t\t\t\t\t\t<div class=\"elementor-container elementor-column-gap-wider\">\n\t\t\t\t\t<div class=\"elementor-column elementor-col-50 elementor-inner-column elementor-element elementor-element-2b24499\" data-id=\"2b24499\" data-element_type=\"column\">\n\t\t\t<div class=\"elementor-widget-wrap elementor-element-populated\">\n\t\t\t\t\t\t<div class=\"elementor-element elementor-element-957fcd8 elementor-widget elementor-widget-image\" data-id=\"957fcd8\" data-element_type=\"widget\" data-widget_type=\"image.default\">\n\t\t\t\t<div class=\"elementor-widget-container\">\n\t\t\t<style>\/*! elementor - v3.20.0 - 26-03-2024 *\/\n.elementor-widget-image{text-align:center}.elementor-widget-image a{display:inline-block}.elementor-widget-image a img[src$=\".svg\"]{width:48px}.elementor-widget-image img{vertical-align:middle;display:inline-block}<\/style>\t\t\t\t\t\t\t\t\t\t<img fetchpriority=\"high\" decoding=\"async\" width=\"780\" height=\"775\" src=\"https:\/\/www.madalinakomninos.com\/wp-content\/uploads\/2023\/09\/madalina-komninos-6b.png\" class=\"attachment-large size-large wp-image-699\" alt=\"madalina komninos\" srcset=\"https:\/\/www.madalinakomninos.com\/wp-content\/uploads\/2023\/09\/madalina-komninos-6b.png 780w, https:\/\/www.madalinakomninos.com\/wp-content\/uploads\/2023\/09\/madalina-komninos-6b-500x497.png 500w, https:\/\/www.madalinakomninos.com\/wp-content\/uploads\/2023\/09\/madalina-komninos-6b-300x298.png 300w, https:\/\/www.madalinakomninos.com\/wp-content\/uploads\/2023\/09\/madalina-komninos-6b-768x763.png 768w, https:\/\/www.madalinakomninos.com\/wp-content\/uploads\/2023\/09\/madalina-komninos-6b-150x150.png 150w, https:\/\/www.madalinakomninos.com\/wp-content\/uploads\/2023\/09\/madalina-komninos-6b-75x75.png 75w, https:\/\/www.madalinakomninos.com\/wp-content\/uploads\/2023\/09\/madalina-komninos-6b-480x477.png 480w\" sizes=\"(max-width:767px) 480px, (max-width:780px) 100vw, 780px\" \/>\t\t\t\t\t\t\t\t\t\t\t\t\t<\/div>\n\t\t\t\t<\/div>\n\t\t\t\t\t<\/div>\n\t\t<\/div>\n\t\t\t\t<div class=\"elementor-column elementor-col-50 elementor-inner-column elementor-element elementor-element-7f8d525\" data-id=\"7f8d525\" data-element_type=\"column\">\n\t\t\t<div class=\"elementor-widget-wrap elementor-element-populated\">\n\t\t\t\t\t\t<div class=\"elementor-element elementor-element-9d11b13 elementor-widget elementor-widget-text-editor\" data-id=\"9d11b13\" data-element_type=\"widget\" data-widget_type=\"text-editor.default\">\n\t\t\t\t<div class=\"elementor-widget-container\">\n\t\t\t\t\t\t\t<h2>Reflect\u00e2nd \u00eenapoi la ceea ce am \u00eenv\u0103\u021bat despre mine,<\/h2><p>devenind con\u0219tient\u0103 de sentimentele mele, despre cine sunt, cine simt c\u0103 sunt, am decis s\u0103 ies \u00een afara zonei mele de confort \u0219i s\u0103 \u00eembr\u0103\u021bi\u0219ez aceast\u0103 c\u0103l\u0103torie emo\u021bional\u0103 a scrisului.<\/p><p>Am tr\u0103it mereu cu visul de a-mi face cunoscute scrierile. \u00centotdeauna a existat o imagine al\u0103turi de mine, o poveste paralel\u0103. Uneori era o poezie, o povestire scurt\u0103 sau una mai lung\u0103, reflec\u021bii diverse, un instinct profund care m\u0103 chema, care m\u0103 conducea, \u00eempreun\u0103 cu cuvintele mele, spre un caiet, pentru a da via\u021b\u0103 acestor g\u00e2nduri.<\/p>\t\t\t\t\t\t<\/div>\n\t\t\t\t<\/div>\n\t\t\t\t\t<\/div>\n\t\t<\/div>\n\t\t\t\t\t<\/div>\n\t\t<\/section>\n\t\t\t\t<section class=\"elementor-section elementor-inner-section elementor-element elementor-element-38af5b6 elementor-section-boxed elementor-section-height-default elementor-section-height-default\" data-id=\"38af5b6\" data-element_type=\"section\">\n\t\t\t\t\t\t<div class=\"elementor-container elementor-column-gap-default\">\n\t\t\t\t\t<div class=\"elementor-column elementor-col-100 elementor-inner-column elementor-element elementor-element-7dea425\" data-id=\"7dea425\" data-element_type=\"column\">\n\t\t\t<div class=\"elementor-widget-wrap elementor-element-populated\">\n\t\t\t\t\t\t<div class=\"elementor-element elementor-element-564c8c7 elementor-widget elementor-widget-text-editor\" data-id=\"564c8c7\" data-element_type=\"widget\" data-widget_type=\"text-editor.default\">\n\t\t\t\t<div class=\"elementor-widget-container\">\n\t\t\t\t\t\t\t<h2>Am decis s\u0103-mi urmez visele, s\u0103 m\u0103 descop\u0103r \u0219i s\u0103 cresc \u00een aceast\u0103 direc\u021bie.<\/h2>\t\t\t\t\t\t<\/div>\n\t\t\t\t<\/div>\n\t\t\t\t\t<\/div>\n\t\t<\/div>\n\t\t\t\t\t<\/div>\n\t\t<\/section>\n\t\t\t\t\t<\/div>\n\t\t<\/div>\n\t\t\t\t\t<\/div>\n\t\t<\/section>\n\t\t\t\t<section class=\"elementor-section elementor-top-section elementor-element elementor-element-c98a048 elementor-section-stretched elementor-section-boxed elementor-section-height-default elementor-section-height-default\" data-id=\"c98a048\" data-element_type=\"section\" data-settings=\"{&quot;stretch_section&quot;:&quot;section-stretched&quot;}\">\n\t\t\t\t\t\t<div class=\"elementor-container elementor-column-gap-wider\">\n\t\t\t\t\t<div class=\"elementor-column elementor-col-50 elementor-top-column elementor-element elementor-element-94e22a2\" data-id=\"94e22a2\" data-element_type=\"column\">\n\t\t\t<div class=\"elementor-widget-wrap elementor-element-populated\">\n\t\t\t\t\t\t<div class=\"elementor-element elementor-element-9b8c843 elementor-widget__width-initial elementor-widget elementor-widget-text-editor\" data-id=\"9b8c843\" data-element_type=\"widget\" data-widget_type=\"text-editor.default\">\n\t\t\t\t<div class=\"elementor-widget-container\">\n\t\t\t\t\t\t\t<p>\u00cen timp ce m\u0103 \u00eentreb cine sunt, inima mea este \u00eemplinit\u0103 \u0219i confortabil\u0103 c\u00e2nd \u00eendr\u0103znesc s\u0103 spun \u201eSunt scriitor\u201d. Sunt un povestitor, un scriitor intuitiv.<\/p><p>Sunt o rom\u00e2nc\u0103 ce locuie\u0219te \u00een Grecia, so\u021bie \u0219i mam\u0103 a trei copii.<br \/>Via\u021ba mea de zi cu zi este \u021besut\u0103 cu iubire, responsabilitate \u0219i transformare continu\u0103. Aceste experien\u021be, at\u00e2t obi\u0219nuite c\u00e2t \u0219i extraordinare, sunt cele care \u00eemi alimenteaz\u0103 creativitatea \u0219i dau sens viselor mele.<\/p><p>Iubesc s\u0103 c\u0103l\u0103toresc, s\u0103 \u00eenv\u0103\u021b \u0219i s\u0103 descop\u0103r mereu experien\u021be noi, care m\u0103 inspir\u0103 tot mai mult. Simt c\u0103 astfel pot s\u0103 m\u0103 apropii mai mult de vocea mea interioar\u0103 \u0219i s\u0103 \u00een\u021beleg mai bine pove\u0219tile care a\u0219teapt\u0103 s\u0103 fie a\u0219ternute pe h\u00e2rtie.<\/p><p>Unul dintre locurile mele de suflet, unde m\u0103 simt mereu inspirat\u0103 \u0219i m\u0103 reg\u0103sesc, unde pot s\u0103-mi ascult cu adev\u0103rat g\u00e2ndurile f\u0103r\u0103 s\u0103 fiu distras\u0103, este ad\u00e2ncul m\u0103rii. Scufund\u0103rile sunt una dintre marile mele pasiuni.\u00a0<\/p><p>O alt\u0103 latur\u0103 a mea \u00ee\u0219i g\u0103se\u0219te expresia prin g\u0103tit, o pasiune profund\u0103 pe care o port cu bucurie.<br \/>Pentru mine, m\u00e2ncarea nu este doar hran\u0103, ci \u0219i memorie, cultur\u0103 \u0219i conexiune.\u00a0<\/p><p>Buc\u0103t\u0103ria mea este adesea plin\u0103 de arome \u0219i gusturi din toate col\u021burile lumii, inspirate de c\u0103l\u0103toriile mele, de c\u0103r\u021bile pe care le citesc \u0219i de profunda mea curiozitate fa\u021b\u0103 de culturi \u0219i buc\u0103t\u0103rii.<\/p>\t\t\t\t\t\t<\/div>\n\t\t\t\t<\/div>\n\t\t\t\t\t<\/div>\n\t\t<\/div>\n\t\t\t\t<div class=\"elementor-column elementor-col-50 elementor-top-column elementor-element elementor-element-2fc54ce\" data-id=\"2fc54ce\" data-element_type=\"column\">\n\t\t\t<div class=\"elementor-widget-wrap elementor-element-populated\">\n\t\t\t\t\t\t<div class=\"elementor-element elementor-element-8e4dfef elementor-widget__width-initial elementor-widget elementor-widget-text-editor\" data-id=\"8e4dfef\" data-element_type=\"widget\" data-widget_type=\"text-editor.default\">\n\t\t\t\t<div class=\"elementor-widget-container\">\n\t\t\t\t\t\t\t<p>De la preparate mediteraneene \u0219i condimente orientale p\u00e2n\u0103 la m\u00e2nc\u0103ruri asiatice sau reinterpret\u0103ri ale re\u021betelor tradi\u021bionale rom\u00e2ne\u0219ti, fiecare crea\u021bie poart\u0103 cu ea o poveste, un strop de suflet \u0219i un spirit de explorare.<\/p>\n<p>Visez s\u0103 \u00eemp\u0103rt\u0103\u0219esc aceste momente prin vlogging, ca o form\u0103 de a celebra frumuse\u021bea vie\u021bii de zi cu zi, familia \u0219i limbajul universal al m\u00e2nc\u0103rii.<\/p>\n<p>A\u0219 vrea s\u0103 v\u0103 \u00eemp\u0103rt\u0103\u0219esc c\u00e2teva dintre interesele mele poate ve\u021bi descoperi c\u0103 avem \u0219i lucruri \u00een comun:<\/p>\n<p>pictur\u0103, c\u0103l\u0103torii, muzic\u0103, film, dans, gr\u0103din\u0103rit, lucru manual, sculptur\u0103, lectur\u0103, colec\u021bionarea de c\u0103r\u021bi, fotografie in natur\u0103, naviga\u021bie pe mare, comedie.&nbsp;<\/p>\n<p>Cu aceste g\u00e2nduri, \u00eenchei aceast\u0103 scurt\u0103 introducere \u00eemp\u0103rt\u0103\u0219indu-v\u0103 c\u00e2teva dintre lucrurile care \u00eemi coloreaz\u0103 lumea \u0219i \u00eemi hr\u0103nesc creativitatea poate c\u0103 unele dintre ele vor rezona \u0219i cu voi.<\/p>\n<p>Tu\u0219e de pensul\u0103 pe p\u00e2nz\u0103, pagini de c\u0103r\u021bi vechi, ritmul muzicii, libertatea c\u0103l\u0103toriilor, lini\u0219tea gr\u0103dinilor, bucuria dansului, parfumul crea\u021biilor lucrate manual, frumuse\u021bea sculpturii \u0219i magia naturii surprins\u0103 prin obiectivul camerei.<br>Iubesc, de asemenea, s\u0103 navighez, s\u0103 colec\u021bionez c\u0103r\u021bi, s\u0103 urm\u0103resc filme cu sens, s\u0103 m\u0103 bucur de spectacole de teatru \u0219i s\u0103 r\u00e2d din toat\u0103 inima la o comedie bun\u0103.<\/p>\n<p>Aceste momente \u0219i pasiuni \u00eemi hr\u0103nesc imagina\u021bia, aduc\u00e2nd via\u021b\u0103 \u0219i profunzime pove\u0219tilor pe care le scriu \u0219i lumii pe care o \u00eemp\u0103rt\u0103\u0219esc.<\/p>\t\t\t\t\t\t<\/div>\n\t\t\t\t<\/div>\n\t\t\t\t\t<\/div>\n\t\t<\/div>\n\t\t\t\t\t<\/div>\n\t\t<\/section>\n\t\t\t\t<section class=\"elementor-section elementor-top-section elementor-element elementor-element-e35f1c6 elementor-section-stretched elementor-section-boxed elementor-section-height-default elementor-section-height-default\" data-id=\"e35f1c6\" data-element_type=\"section\" data-settings=\"{&quot;stretch_section&quot;:&quot;section-stretched&quot;,&quot;background_background&quot;:&quot;classic&quot;}\">\n\t\t\t\t\t\t<div class=\"elementor-container elementor-column-gap-wider\">\n\t\t\t\t\t<div class=\"elementor-column elementor-col-100 elementor-top-column elementor-element elementor-element-61f8ed1\" data-id=\"61f8ed1\" data-element_type=\"column\">\n\t\t\t<div class=\"elementor-widget-wrap\">\n\t\t\t\t\t\t\t<\/div>\n\t\t<\/div>\n\t\t\t\t\t<\/div>\n\t\t<\/section>\n\t\t\t\t<\/div>","protected":false},"excerpt":{"rendered":"<p>I am\u00a0Madalina Komninos Reflecting back on what I have learned about myself, becoming aware of my feelings, about who I am, who I feel I am, I decided to go outside my comfort zone and embrace this emotional journey of writing. I\u2019ve been living my life<span class=\"excerpt-hellip\"> [\u2026]<\/span><\/p>","protected":false},"author":1,"featured_media":0,"parent":0,"menu_order":0,"comment_status":"open","ping_status":"closed","template":"","meta":{"footnotes":""},"class_list":["post-8","page","type-page","status-publish","hentry"],"yoast_head":"<!-- This site is optimized with the Yoast SEO plugin v22.3 - https:\/\/yoast.com\/wordpress\/plugins\/seo\/ -->\n<title>About me - Madalina Komninos Writer Poet<\/title>\n<meta name=\"description\" content=\"About me . Madalina Komninos Writer Poet . About me, Madalina Komninos Writer Poet .\" \/>\n<meta name=\"robots\" content=\"index, follow, max-snippet:-1, max-image-preview:large, max-video-preview:-1\" \/>\n<link rel=\"canonical\" href=\"https:\/\/www.madalinakomninos.com\/ro\/about-me\/\" \/>\n<meta property=\"og:locale\" content=\"ro_RO\" \/>\n<meta property=\"og:type\" content=\"article\" \/>\n<meta property=\"og:title\" content=\"About me - Madalina Komninos Writer Poet\" \/>\n<meta property=\"og:description\" content=\"About me . Madalina Komninos Writer Poet . About me, Madalina Komninos Writer Poet .\" \/>\n<meta property=\"og:url\" content=\"https:\/\/www.madalinakomninos.com\/ro\/about-me\/\" \/>\n<meta property=\"og:site_name\" content=\"Madalina Komninos Writer Poet\" \/>\n<meta property=\"article:modified_time\" content=\"2025-05-23T11:56:44+00:00\" \/>\n<meta property=\"og:image\" content=\"https:\/\/www.madalinakomninos.com\/wp-content\/uploads\/2023\/09\/madalina-komninos-6b.png\" \/>\n<meta name=\"twitter:card\" content=\"summary_large_image\" \/>\n<meta name=\"twitter:label1\" content=\"Timp estimat pentru citire\" \/>\n\t<meta name=\"twitter:data1\" content=\"3 minute\" \/>\n<script type=\"application\/ld+json\" class=\"yoast-schema-graph\">{\"@context\":\"https:\/\/schema.org\",\"@graph\":[{\"@type\":\"WebPage\",\"@id\":\"https:\/\/www.madalinakomninos.com\/about-me\/\",\"url\":\"https:\/\/www.madalinakomninos.com\/about-me\/\",\"name\":\"About me - Madalina Komninos Writer Poet\",\"isPartOf\":{\"@id\":\"https:\/\/www.madalinakomninos.com\/#website\"},\"primaryImageOfPage\":{\"@id\":\"https:\/\/www.madalinakomninos.com\/about-me\/#primaryimage\"},\"image\":{\"@id\":\"https:\/\/www.madalinakomninos.com\/about-me\/#primaryimage\"},\"thumbnailUrl\":\"https:\/\/www.madalinakomninos.com\/wp-content\/uploads\/2023\/09\/madalina-komninos-6b.png\",\"datePublished\":\"2020-03-11T15:05:51+00:00\",\"dateModified\":\"2025-05-23T11:56:44+00:00\",\"description\":\"About me . Madalina Komninos Writer Poet . About me, Madalina Komninos Writer Poet .\",\"breadcrumb\":{\"@id\":\"https:\/\/www.madalinakomninos.com\/about-me\/#breadcrumb\"},\"inLanguage\":\"ro-RO\",\"potentialAction\":[{\"@type\":\"ReadAction\",\"target\":[\"https:\/\/www.madalinakomninos.com\/about-me\/\"]}]},{\"@type\":\"ImageObject\",\"inLanguage\":\"ro-RO\",\"@id\":\"https:\/\/www.madalinakomninos.com\/about-me\/#primaryimage\",\"url\":\"https:\/\/www.madalinakomninos.com\/wp-content\/uploads\/2023\/09\/madalina-komninos-6b.png\",\"contentUrl\":\"https:\/\/www.madalinakomninos.com\/wp-content\/uploads\/2023\/09\/madalina-komninos-6b.png\",\"width\":780,\"height\":775,\"caption\":\"madalina komninos\"},{\"@type\":\"BreadcrumbList\",\"@id\":\"https:\/\/www.madalinakomninos.com\/about-me\/#breadcrumb\",\"itemListElement\":[{\"@type\":\"ListItem\",\"position\":1,\"name\":\"Home\",\"item\":\"https:\/\/www.madalinakomninos.com\/\"},{\"@type\":\"ListItem\",\"position\":2,\"name\":\"About me\"}]},{\"@type\":\"WebSite\",\"@id\":\"https:\/\/www.madalinakomninos.com\/#website\",\"url\":\"https:\/\/www.madalinakomninos.com\/\",\"name\":\"Madalina Komninos Writer Poet\",\"description\":\"Writer Poetry\",\"publisher\":{\"@id\":\"https:\/\/www.madalinakomninos.com\/#\/schema\/person\/a444798400c0e13ee11fa5622b0e06e7\"},\"potentialAction\":[{\"@type\":\"SearchAction\",\"target\":{\"@type\":\"EntryPoint\",\"urlTemplate\":\"https:\/\/www.madalinakomninos.com\/?s={search_term_string}\"},\"query-input\":\"required name=search_term_string\"}],\"inLanguage\":\"ro-RO\"},{\"@type\":[\"Person\",\"Organization\"],\"@id\":\"https:\/\/www.madalinakomninos.com\/#\/schema\/person\/a444798400c0e13ee11fa5622b0e06e7\",\"name\":\"Madalina Komninos\",\"image\":{\"@type\":\"ImageObject\",\"inLanguage\":\"ro-RO\",\"@id\":\"https:\/\/www.madalinakomninos.com\/#\/schema\/person\/image\/\",\"url\":\"https:\/\/www.madalinakomninos.com\/wp-content\/uploads\/2023\/08\/Madalina-Magnea-logo-final-2b.png\",\"contentUrl\":\"https:\/\/www.madalinakomninos.com\/wp-content\/uploads\/2023\/08\/Madalina-Magnea-logo-final-2b.png\",\"width\":219,\"height\":120,\"caption\":\"Madalina Komninos\"},\"logo\":{\"@id\":\"https:\/\/www.madalinakomninos.com\/#\/schema\/person\/image\/\"}}]}<\/script>\n<!-- \/ Yoast SEO plugin. -->","yoast_head_json":{"title":"About me - Madalina Komninos Writer Poet","description":"About me . Madalina Komninos Writer Poet . About me, Madalina Komninos Writer Poet .","robots":{"index":"index","follow":"follow","max-snippet":"max-snippet:-1","max-image-preview":"max-image-preview:large","max-video-preview":"max-video-preview:-1"},"canonical":"https:\/\/www.madalinakomninos.com\/ro\/about-me\/","og_locale":"ro_RO","og_type":"article","og_title":"About me - Madalina Komninos Writer Poet","og_description":"About me . Madalina Komninos Writer Poet . About me, Madalina Komninos Writer Poet .","og_url":"https:\/\/www.madalinakomninos.com\/ro\/about-me\/","og_site_name":"Madalina Komninos Writer Poet","article_modified_time":"2025-05-23T11:56:44+00:00","og_image":[{"url":"https:\/\/www.madalinakomninos.com\/wp-content\/uploads\/2023\/09\/madalina-komninos-6b.png"}],"twitter_card":"summary_large_image","twitter_misc":{"Timp estimat pentru citire":"3 minute"},"schema":{"@context":"https:\/\/schema.org","@graph":[{"@type":"WebPage","@id":"https:\/\/www.madalinakomninos.com\/about-me\/","url":"https:\/\/www.madalinakomninos.com\/about-me\/","name":"About me - Madalina Komninos Writer Poet","isPartOf":{"@id":"https:\/\/www.madalinakomninos.com\/#website"},"primaryImageOfPage":{"@id":"https:\/\/www.madalinakomninos.com\/about-me\/#primaryimage"},"image":{"@id":"https:\/\/www.madalinakomninos.com\/about-me\/#primaryimage"},"thumbnailUrl":"https:\/\/www.madalinakomninos.com\/wp-content\/uploads\/2023\/09\/madalina-komninos-6b.png","datePublished":"2020-03-11T15:05:51+00:00","dateModified":"2025-05-23T11:56:44+00:00","description":"About me . Madalina Komninos Writer Poet . About me, Madalina Komninos Writer Poet .","breadcrumb":{"@id":"https:\/\/www.madalinakomninos.com\/about-me\/#breadcrumb"},"inLanguage":"ro-RO","potentialAction":[{"@type":"ReadAction","target":["https:\/\/www.madalinakomninos.com\/about-me\/"]}]},{"@type":"ImageObject","inLanguage":"ro-RO","@id":"https:\/\/www.madalinakomninos.com\/about-me\/#primaryimage","url":"https:\/\/www.madalinakomninos.com\/wp-content\/uploads\/2023\/09\/madalina-komninos-6b.png","contentUrl":"https:\/\/www.madalinakomninos.com\/wp-content\/uploads\/2023\/09\/madalina-komninos-6b.png","width":780,"height":775,"caption":"madalina komninos"},{"@type":"BreadcrumbList","@id":"https:\/\/www.madalinakomninos.com\/about-me\/#breadcrumb","itemListElement":[{"@type":"ListItem","position":1,"name":"Home","item":"https:\/\/www.madalinakomninos.com\/"},{"@type":"ListItem","position":2,"name":"About me"}]},{"@type":"WebSite","@id":"https:\/\/www.madalinakomninos.com\/#website","url":"https:\/\/www.madalinakomninos.com\/","name":"Madalina Komninos Writer Poet","description":"Writer Poetry","publisher":{"@id":"https:\/\/www.madalinakomninos.com\/#\/schema\/person\/a444798400c0e13ee11fa5622b0e06e7"},"potentialAction":[{"@type":"SearchAction","target":{"@type":"EntryPoint","urlTemplate":"https:\/\/www.madalinakomninos.com\/?s={search_term_string}"},"query-input":"required name=search_term_string"}],"inLanguage":"ro-RO"},{"@type":["Person","Organization"],"@id":"https:\/\/www.madalinakomninos.com\/#\/schema\/person\/a444798400c0e13ee11fa5622b0e06e7","name":"Madalina Komninos","image":{"@type":"ImageObject","inLanguage":"ro-RO","@id":"https:\/\/www.madalinakomninos.com\/#\/schema\/person\/image\/","url":"https:\/\/www.madalinakomninos.com\/wp-content\/uploads\/2023\/08\/Madalina-Magnea-logo-final-2b.png","contentUrl":"https:\/\/www.madalinakomninos.com\/wp-content\/uploads\/2023\/08\/Madalina-Magnea-logo-final-2b.png","width":219,"height":120,"caption":"Madalina Komninos"},"logo":{"@id":"https:\/\/www.madalinakomninos.com\/#\/schema\/person\/image\/"}}]}},"_links":{"self":[{"href":"https:\/\/www.madalinakomninos.com\/ro\/wp-json\/wp\/v2\/pages\/8","targetHints":{"allow":["GET"]}}],"collection":[{"href":"https:\/\/www.madalinakomninos.com\/ro\/wp-json\/wp\/v2\/pages"}],"about":[{"href":"https:\/\/www.madalinakomninos.com\/ro\/wp-json\/wp\/v2\/types\/page"}],"author":[{"embeddable":true,"href":"https:\/\/www.madalinakomninos.com\/ro\/wp-json\/wp\/v2\/users\/1"}],"replies":[{"embeddable":true,"href":"https:\/\/www.madalinakomninos.com\/ro\/wp-json\/wp\/v2\/comments?post=8"}],"version-history":[{"count":36,"href":"https:\/\/www.madalinakomninos.com\/ro\/wp-json\/wp\/v2\/pages\/8\/revisions"}],"predecessor-version":[{"id":994,"href":"https:\/\/www.madalinakomninos.com\/ro\/wp-json\/wp\/v2\/pages\/8\/revisions\/994"}],"wp:attachment":[{"href":"https:\/\/www.madalinakomninos.com\/ro\/wp-json\/wp\/v2\/media?parent=8"}],"curies":[{"name":"wp","href":"https:\/\/api.w.org\/{rel}","templated":true}]}}